{"id":113,"date":"2014-08-18T18:20:46","date_gmt":"2014-08-18T18:20:46","guid":{"rendered":"http:\/\/serwer1431223.home.pl\/deltaagro.pl\/?page_id=113"},"modified":"2025-11-26T14:32:37","modified_gmt":"2025-11-26T14:32:37","slug":"produkcja-roslinna","status":"publish","type":"page","link":"https:\/\/www.deltaagro.pl\/?page_id=113","title":{"rendered":"Produkcja ro\u015blinna"},"content":{"rendered":"<p><a href=\"https:\/\/www.deltaagro.pl\/wp-content\/uploads\/2025\/11\/produkcja_roslinna2.jpg\"><img loading=\"lazy\" decoding=\"async\" class=\"alignnone size-medium wp-image-1482\" src=\"https:\/\/www.deltaagro.pl\/wp-content\/uploads\/2025\/11\/produkcja_roslinna2-300x94.jpg\" alt=\"produkcja_roslinna2\" width=\"300\" height=\"94\" srcset=\"https:\/\/www.deltaagro.pl\/wp-content\/uploads\/2025\/11\/produkcja_roslinna2-300x94.jpg 300w, https:\/\/www.deltaagro.pl\/wp-content\/uploads\/2025\/11\/produkcja_roslinna2-1024x322.jpg 1024w, https:\/\/www.deltaagro.pl\/wp-content\/uploads\/2025\/11\/produkcja_roslinna2-250x79.jpg 250w, https:\/\/www.deltaagro.pl\/wp-content\/uploads\/2025\/11\/produkcja_roslinna2-150x47.jpg 150w, https:\/\/www.deltaagro.pl\/wp-content\/uploads\/2025\/11\/produkcja_roslinna2.jpg 1286w\" sizes=\"auto, (max-width: 300px) 100vw, 300px\" \/><\/a><\/p>\n<p><b>Uprawiamy pszenic\u0119, rzepak, buraki cukrowe oraz kukurydz\u0119 <\/b>stosuj\u0105c integrowan\u0105 ochron\u0119 tych ro\u015blin.<\/p>\n<p><b>Corocznie dostarczamy na rynek:<\/b><br \/>\n<b>\u25b6<\/b> ok. 3000 ton pszenicy,<br \/>\n<b>\u25b6<\/b> ok. 1000 ton rzepaku,<br \/>\n<b>\u25b6<\/b> ok. 5500 ton burak\u00f3w cukrowych,<\/p>\n<p>spe\u0142niaj\u0105cych odpowiednie parametry jako\u015bciowe.<\/p>\n<p>Dodatkowo, na potrzeby hodowli byd\u0142a mlecznego uprawiamy <b>ok. 120 ha kukurydzy<\/b> z przeznaczeniem na kiszonk\u0119 i ziarno, a tak\u017ce <b>ok. 80 ha \u0142\u0105k (trawa, koniczyna, lucerna)<\/b> z przeznaczeniem na kiszonk\u0119.<\/p>\n","protected":false},"excerpt":{"rendered":"<p>Uprawiamy pszenic\u0119, rzepak, buraki cukrowe oraz kukurydz\u0119 stosuj\u0105c integrowan\u0105 ochron\u0119 tych ro\u015blin. Corocznie dostarczamy na rynek: \u25b6 ok. 3000 ton pszenicy, \u25b6 ok. 1000 ton rzepaku, \u25b6 ok. 5500 ton burak\u00f3w cukrowych, spe\u0142niaj\u0105cych odpowiednie parametry jako\u015bciowe. Dodatkowo, na potrzeby hodowli byd\u0142a mlecznego uprawiamy ok. 120 ha kukurydzy z przeznaczeniem na kiszonk\u0119 i ziarno, a tak\u017ce ok. 80 ha \u0142\u0105k (trawa, koniczyna, lucerna) z przeznaczeniem na kiszonk\u0119. <a class=\"continue-reading-link\" href=\"https:\/\/www.deltaagro.pl\/?page_id=113\">Continue reading<\/a><\/p>\n","protected":false},"author":2,"featured_media":0,"parent":0,"menu_order":0,"comment_status":"closed","ping_status":"open","template":"","meta":{"ngg_post_thumbnail":0,"footnotes":""},"class_list":["post-113","page","type-page","status-publish","hentry"],"_links":{"self":[{"href":"https:\/\/www.deltaagro.pl\/index.php?rest_route=\/wp\/v2\/pages\/113","targetHints":{"allow":["GET"]}}],"collection":[{"href":"https:\/\/www.deltaagro.pl\/index.php?rest_route=\/wp\/v2\/pages"}],"about":[{"href":"https:\/\/www.deltaagro.pl\/index.php?rest_route=\/wp\/v2\/types\/page"}],"author":[{"embeddable":true,"href":"https:\/\/www.deltaagro.pl\/index.php?rest_route=\/wp\/v2\/users\/2"}],"replies":[{"embeddable":true,"href":"https:\/\/www.deltaagro.pl\/index.php?rest_route=%2Fwp%2Fv2%2Fcomments&post=113"}],"version-history":[{"count":2,"href":"https:\/\/www.deltaagro.pl\/index.php?rest_route=\/wp\/v2\/pages\/113\/revisions"}],"predecessor-version":[{"id":1490,"href":"https:\/\/www.deltaagro.pl\/index.php?rest_route=\/wp\/v2\/pages\/113\/revisions\/1490"}],"wp:attachment":[{"href":"https:\/\/www.deltaagro.pl\/index.php?rest_route=%2Fwp%2Fv2%2Fmedia&parent=113"}],"curies":[{"name":"wp","href":"https:\/\/api.w.org\/{rel}","templated":true}]}}