{"id":115,"date":"2014-08-18T18:21:22","date_gmt":"2014-08-18T18:21:22","guid":{"rendered":"http:\/\/serwer1431223.home.pl\/deltaagro.pl\/?page_id=115"},"modified":"2025-11-28T10:28:58","modified_gmt":"2025-11-28T10:28:58","slug":"produkcja-zwierzeca","status":"publish","type":"page","link":"https:\/\/www.deltaagro.pl\/?page_id=115","title":{"rendered":"Produkcja zwierz\u0119ca"},"content":{"rendered":"<p><a href=\"https:\/\/www.deltaagro.pl\/wp-content\/uploads\/2025\/11\/produkcja_zwierzeca2.jpg\"><img loading=\"lazy\" decoding=\"async\" class=\"alignnone  wp-image-1483\" src=\"https:\/\/www.deltaagro.pl\/wp-content\/uploads\/2025\/11\/produkcja_zwierzeca2-300x95.jpg\" alt=\"produkcja_zwierzeca2\" width=\"455\" height=\"144\" srcset=\"https:\/\/www.deltaagro.pl\/wp-content\/uploads\/2025\/11\/produkcja_zwierzeca2-300x95.jpg 300w, https:\/\/www.deltaagro.pl\/wp-content\/uploads\/2025\/11\/produkcja_zwierzeca2-1024x324.jpg 1024w, https:\/\/www.deltaagro.pl\/wp-content\/uploads\/2025\/11\/produkcja_zwierzeca2-250x79.jpg 250w, https:\/\/www.deltaagro.pl\/wp-content\/uploads\/2025\/11\/produkcja_zwierzeca2-150x47.jpg 150w, https:\/\/www.deltaagro.pl\/wp-content\/uploads\/2025\/11\/produkcja_zwierzeca2.jpg 1278w\" sizes=\"auto, (max-width: 455px) 100vw, 455px\" \/><\/a><\/p>\n<p><b>Ferma byd\u0142a mlecznego po\u0142o\u017cona jest w M\u0105towach Wielkich.<\/b> W zmodernizowanych budynkach obory typu UO-500 prowadzona jest hodowla byd\u0142a rasy czarno-bia\u0142ej z du\u017cym dolewem krwi rasy holsztyno-fryzyjskiej (HF).<\/p>\n<p>Obecnie na fermie znajduje si\u0119<b> ok. 850 sztuk byd\u0142a, w tym&nbsp;410 kr\u00f3w mlecznych.<\/b> Hodowla prowadzona jest w systemie wolnostanowiskowym z zastosowaniem najnowszych technologii w zakresie dobrostanu zwierz\u0105t.<\/p>\n<p>Rocznie produkujemy<b> ok. 4.000.000 <\/b>litr\u00f3w mleka.<\/p>\n","protected":false},"excerpt":{"rendered":"<p>Ferma byd\u0142a mlecznego po\u0142o\u017cona jest w M\u0105towach Wielkich. W zmodernizowanych budynkach obory typu UO-500 prowadzona jest hodowla byd\u0142a rasy czarno-bia\u0142ej z du\u017cym dolewem krwi rasy holsztyno-fryzyjskiej (HF). Obecnie na fermie znajduje si\u0119 ok. 850 sztuk byd\u0142a, w tym&nbsp;410 kr\u00f3w mlecznych. Hodowla prowadzona jest w systemie wolnostanowiskowym z zastosowaniem najnowszych technologii w zakresie dobrostanu zwierz\u0105t. Rocznie produkujemy ok. 4.000.000 litr\u00f3w mleka. <a class=\"continue-reading-link\" href=\"https:\/\/www.deltaagro.pl\/?page_id=115\">Continue reading<\/a><\/p>\n","protected":false},"author":2,"featured_media":0,"parent":0,"menu_order":0,"comment_status":"closed","ping_status":"open","template":"","meta":{"ngg_post_thumbnail":0,"footnotes":""},"class_list":["post-115","page","type-page","status-publish","hentry"],"_links":{"self":[{"href":"https:\/\/www.deltaagro.pl\/index.php?rest_route=\/wp\/v2\/pages\/115","targetHints":{"allow":["GET"]}}],"collection":[{"href":"https:\/\/www.deltaagro.pl\/index.php?rest_route=\/wp\/v2\/pages"}],"about":[{"href":"https:\/\/www.deltaagro.pl\/index.php?rest_route=\/wp\/v2\/types\/page"}],"author":[{"embeddable":true,"href":"https:\/\/www.deltaagro.pl\/index.php?rest_route=\/wp\/v2\/users\/2"}],"replies":[{"embeddable":true,"href":"https:\/\/www.deltaagro.pl\/index.php?rest_route=%2Fwp%2Fv2%2Fcomments&post=115"}],"version-history":[{"count":13,"href":"https:\/\/www.deltaagro.pl\/index.php?rest_route=\/wp\/v2\/pages\/115\/revisions"}],"predecessor-version":[{"id":1507,"href":"https:\/\/www.deltaagro.pl\/index.php?rest_route=\/wp\/v2\/pages\/115\/revisions\/1507"}],"wp:attachment":[{"href":"https:\/\/www.deltaagro.pl\/index.php?rest_route=%2Fwp%2Fv2%2Fmedia&parent=115"}],"curies":[{"name":"wp","href":"https:\/\/api.w.org\/{rel}","templated":true}]}}