{"id":144,"date":"2014-08-20T21:08:39","date_gmt":"2014-08-20T21:08:39","guid":{"rendered":"http:\/\/serwer1431223.home.pl\/deltaagro.pl\/?page_id=144"},"modified":"2015-01-05T11:00:09","modified_gmt":"2015-01-05T11:00:09","slug":"kontakt","status":"publish","type":"page","link":"https:\/\/www.deltaagro.pl\/?page_id=144","title":{"rendered":"Kontakt"},"content":{"rendered":"<p><strong>Gospodarstwo Rolne &#8222;Delta-Agro&#8221;<\/strong><br \/>\nul. G\u0142\u00f3wna 35<br \/>\n82-213 Mi\u0142oradz<br \/>\ntel.\/fax\u00a055 271 1486<br \/>\ne-mail:\u00a0<a href=\"mailto:biuro@deltaagro.pl\" target=\"_blank\">biuro@deltaagro.pl<\/a><br \/>\n<iframe loading=\"lazy\" src=\"https:\/\/www.google.com\/maps\/embed?pb=!1m18!1m12!1m3!1d2402.3198927334697!2d18.90993399999999!3d54.014312000000004!2m3!1f0!2f0!3f0!3m2!1i1024!2i768!4f13.1!3m3!1m2!1s0x46fd5f6a98fa63d1%3A0xfbf8a59520081245!2zR8WCw7N3bmEgMzUsIDgyLTIxMyBNacWCb3JhZHo!5e1!3m2!1spl!2spl!4v1420455538123\" width=\"600\" height=\"450\" frameborder=\"0\" style=\"border:0\"><\/iframe><br \/>\n<a href=\"https:\/\/www.google.pl\/maps\/place\/Gospodarstwo+Rolne+%22Delta-Agro%22\/@54.0147045,18.9102231,3a,75y,180.37h,90t\/data=!3m4!1e1!3m2!1s_IyY5E_zUPr3_1wqAEQPwA!2e0!4m5!1m2!2m1!1sDelta-Agro+mi%C5%82oradz!3m1!1s0x46fd5f6a9eec7e4f:0x5ecd39e44748fb50!6m1!1e1\" target=\"_blank\">STREET VIEW<\/a><\/p>\n<p>&nbsp;<\/p>\n<p><strong>Gospodarstwo Rolne &#8222;Delta-Agro&#8221;<br \/>\nFerma byd\u0142a mlecznego w M\u0105towach Wielkich<\/strong><br \/>\nM\u0105towy Wielkie 70<br \/>\n82-213 Mi\u0142oradz<br \/>\n<iframe loading=\"lazy\" src=\"https:\/\/www.google.com\/maps\/embed?pb=!1m18!1m12!1m3!1d2402.549633625346!2d18.884076999999998!3d54.010332999999996!2m3!1f0!2f0!3f0!3m2!1i1024!2i768!4f13.1!3m3!1m2!1s0x46fd5f70eca7c7ed%3A0x82a2689775ad221b!2sGospodarstwo+Rolne+%22Delta-Agro%22!5e1!3m2!1spl!2spl!4v1420455590518\" width=\"600\" height=\"450\" frameborder=\"0\" style=\"border:0\"><\/iframe><br \/>\n<a href=\"https:\/\/www.google.pl\/maps\/place\/Gospodarstwo+Rolne+%22Delta-Agro%22\/@54.0089321,18.8840932,3a,75y,359.61h,90t\/data=!3m4!1e1!3m2!1sKUexBrLrUedzkthvxxdAqg!2e0!4m5!1m2!2m1!1sDelta-Agro+mi%C5%82oradz!3m1!1s0x46fd5f70eca7c7ed:0x82a2689775ad221b!6m1!1e1\" target=\"_blank\">STREET VIEW<\/a><\/p>\n        <script type=\"text\/javascript\">\n         function cp_contactformtoemail_pform_doValidate_1(form)\n         {\n            document.cp_contactformtoemail_pform_1.cp_ref_page.value = document.location;\n            $dexQuery = jQuery.noConflict();            if (document.cp_contactformtoemail_pform_1.hdcaptcha_cp_contactformtoemail_post.value == '') { setTimeout( \"cp_contactformtoemail_cerror_1()\", 100); return false; }\n            var result = $dexQuery.ajax({ type: \"GET\", url: \"\/?ps=_1&cp_contactformtoemail_pform_process=2&cp_contactformtoemail_id=1&inAdmin=1&ps=_1&hdcaptcha_cp_contactformtoemail_post=\"+document.cp_contactformtoemail_pform_1.hdcaptcha_cp_contactformtoemail_post.value, async: false }).responseText;\n            if (result.indexOf(\"captchafailed\") != -1) {\n                $dexQuery(\"#captchaimg_1\").attr('src', $dexQuery(\"#captchaimg_1\").attr('src')+'&'+Math.floor((Math.random() * 99999) + 1));\n                setTimeout( \"cp_contactformtoemail_cerror_1()\", 100);\n                return false;\n            } else             {\n                var cpefb_error = 0;\n                $dexQuery(\"#cp_contactformtoemail_pform_1\").find(\".cpefb_error\").each(function(index){\n                    if ($dexQuery(this).css(\"display\")!=\"none\")\n                        cpefb_error++;\n                    });\n                if (cpefb_error) return false;\n                if (document.cp_contactformtoemail_pform_1.cp_contactformtoemail_pform_status.value != '0')\n                           return false;\n                document.getElementById(\"refpage_1\").value = document.location;\n                cfte_blink(\".pbSubmit\");\n                document.cp_contactformtoemail_pform_1.cp_contactformtoemail_pform_status.value = '2';document.cp_contactformtoemail_pform_1.cp_contactformtoemail_pform_status.value = '1';\n                       $dexQuery.ajax({\n                         type: \"POST\",\n                         url: '',\n                         data: $dexQuery(\"#cp_contactformtoemail_pform_1\").serialize(),\n                         success: function(data)\n                         {\n                             document.cp_contactformtoemail_pform_1.cp_contactformtoemail_pform_status.value = '0';\n                                                              document.getElementById('cp_contactformtoemail_pform_1').innerHTML ='<a id=\"cftejump\"><\/a>Your message has been successfully sent.';\n                                 var tag = $dexQuery(\"#cftejump\");\n                                 $dexQuery('html,body').animate({scrollTop: tag.offset().top-60},'fast');\n                                                        }\n                       });\n                       return false;\n                                }\n         }\n         function cfte_blink(selector){\n                 try {\n                     $dexQuery = jQuery.noConflict();\n                     $dexQuery(selector).fadeOut(700, function(){\n                         $dexQuery(this).fadeIn(700, function(){\n                             try {\n                                 if (document.cp_contactformtoemail_pform_1.cp_contactformtoemail_pform_status.value != '0')\n                                     cfte_blink(this);\n                             } catch (e) {}\n                         });\n                     });\n                 } catch (e) {}\n         }\n         function cp_contactformtoemail_cerror_1(){$dexQuery = jQuery.noConflict();$dexQuery(\"#hdcaptcha_error_1\").css('top',$dexQuery(\"#hdcaptcha_cp_contactformtoemail_post_1\").outerHeight());$dexQuery(\"#hdcaptcha_error_1\").css(\"display\",\"inline\");}\n        <\/script>\n        <div id=\"cftedialog\" style=\"display:none;\">Thank you.<\/div>\n        <form class=\"cpp_form no-prefetch\" name=\"cp_contactformtoemail_pform_1\" id=\"cp_contactformtoemail_pform_1\" action=\"\/?ahbnocache=328348\" method=\"post\" enctype=\"multipart\/form-data\" onsubmit=\"return cp_contactformtoemail_pform_doValidate_1(this);\"><input type=\"hidden\" name=\"cp_pform_psequence\" value=\"_1\" \/><input type=\"hidden\" name=\"cp_contactformtoemail_pform_process\" value=\"1\" \/><input type=\"hidden\" name=\"cp_contactformtoemail_id\" value=\"1\" \/><input type=\"hidden\" name=\"cp_ref_page\" value=\"\" \/><input type=\"hidden\" name=\"form_structure_1\" id=\"form_structure_1\" size=\"180\" value=\"[[{&quot;name&quot;:&quot;fieldname1&quot;,&quot;index&quot;:0,&quot;title&quot;:&quot;E-mail:&quot;,&quot;required&quot;:true,&quot;shortlabel&quot;:&quot;&quot;,&quot;ftype&quot;:&quot;femail&quot;,&quot;userhelp&quot;:&quot;&quot;,&quot;userhelpTooltip&quot;:&quot;&quot;,&quot;csslayout&quot;:&quot;&quot;,&quot;predefined&quot;:&quot;&quot;,&quot;predefinedClick&quot;:false,&quot;size&quot;:&quot;medium&quot;,&quot;equalTo&quot;:&quot;&quot;},{&quot;name&quot;:&quot;subject&quot;,&quot;index&quot;:1,&quot;title&quot;:&quot;Temat:&quot;,&quot;required&quot;:true,&quot;ftype&quot;:&quot;ftext&quot;,&quot;userhelp&quot;:&quot;&quot;,&quot;csslayout&quot;:&quot;&quot;,&quot;predefined&quot;:&quot;&quot;,&quot;size&quot;:&quot;medium&quot;,&quot;shortlabel&quot;:&quot;&quot;,&quot;userhelpTooltip&quot;:&quot;&quot;,&quot;predefinedClick&quot;:false,&quot;minlength&quot;:&quot;&quot;,&quot;maxlength&quot;:&quot;&quot;,&quot;equalTo&quot;:&quot;&quot;},{&quot;name&quot;:&quot;fieldname2&quot;,&quot;index&quot;:2,&quot;title&quot;:&quot;Tre\\u015b\\u0107 wiadomo\\u015bci:&quot;,&quot;required&quot;:true,&quot;size&quot;:&quot;medium&quot;,&quot;shortlabel&quot;:&quot;&quot;,&quot;ftype&quot;:&quot;ftextarea&quot;,&quot;userhelp&quot;:&quot;&quot;,&quot;userhelpTooltip&quot;:&quot;&quot;,&quot;csslayout&quot;:&quot;&quot;,&quot;predefined&quot;:&quot;&quot;,&quot;predefinedClick&quot;:false,&quot;minlength&quot;:&quot;&quot;,&quot;maxlength&quot;:&quot;&quot;}],[{&quot;title&quot;:&quot;Formularz kontaktowy&quot;,&quot;description&quot;:&quot;&quot;,&quot;formlayout&quot;:&quot;top_aligned&quot;}]]\" \/><input type=\"hidden\" name=\"refpage_1\" id=\"refpage_1\" value=\"\"><input type=\"hidden\" name=\"cp_contactformtoemail_pform_status\" value=\"0\" \/><input name=\"anonce\" type=\"hidden\" value=\"008b88f868\"\/><input name=\"cftehp\" id=\"cftehp_1\" type=\"hidden\" value=\"1\"\/>\r\n<div id=\"fbuilder\">    \r\n    <div id=\"fbuilder_1\">\r\n        <div id=\"formheader_1\"><\/div>\r\n        <div id=\"fieldlist_1\"><\/div>\r\n    <\/div>\r\n<\/div>    \r\n<div style=\"display:none\">\r\n<input name=\"cftecontrolmessage\" type=\"text\" value=\"\"\/> \r\n<div id=\"cpcaptchalayer_1\" class=\"cpcaptchalayer\">\r\n  kod bezpiecze\u0144stwa:<br \/>\r\n  <img decoding=\"async\" src=\"\/?cp_contactformtoemail_captcha=captcha&ps=_1&inAdmin=1&width=180&height=60&letter_count=5&min_size=15&max_size=22&noise=455&noiselength=2&bcolor=ffffff&border=&font=font-4.ttf\"  id=\"captchaimg_1\" alt=\"security code\" border=\"0\" class=\"skip-lazy\"  \/>\r\n  <br \/>Prosz\u0119 wpisa\u0107 kod zabezpieczaj\u0105cy:<br \/>\r\n  <div class=\"dfield\"><input type=\"text\" size=\"20\" name=\"hdcaptcha_cp_contactformtoemail_post\" id=\"hdcaptcha_cp_contactformtoemail_post_1\" value=\"\" \/>\r\n  <div class=\"cpefb_error message\" id=\"hdcaptcha_error_1\" generated=\"true\" style=\"display:none;position: absolute; left: 0px; top: 25px;\">Prosz\u0119 wpisz kod z obrazka<\/div>\r\n  <\/div><br \/>  \r\n<\/div>\r\n<\/div>\r\n<div id=\"cp_subbtn_1\" class=\"cp_subbtn\">Submit<\/div>\r\n<\/form>\r\n<script>\r\ntry{document.getElementById(\"cftehp_1\").value=\"25\";}catch(e){}\r\n<\/script>\r\n\n","protected":false},"excerpt":{"rendered":"<p>Gospodarstwo Rolne &#8222;Delta-Agro&#8221; ul. G\u0142\u00f3wna 35 82-213 Mi\u0142oradz tel.\/fax\u00a055 271 1486 e-mail:\u00a0biuro@deltaagro.pl STREET VIEW &nbsp; Gospodarstwo Rolne &#8222;Delta-Agro&#8221; Ferma byd\u0142a mlecznego w M\u0105towach Wielkich M\u0105towy Wielkie 70 82-213 Mi\u0142oradz STREET VIEW <a class=\"continue-reading-link\" href=\"https:\/\/www.deltaagro.pl\/?page_id=144\">Continue reading<\/a><\/p>\n","protected":false},"author":2,"featured_media":0,"parent":0,"menu_order":0,"comment_status":"closed","ping_status":"open","template":"","meta":{"ngg_post_thumbnail":0,"footnotes":""},"class_list":["post-144","page","type-page","status-publish","hentry"],"_links":{"self":[{"href":"https:\/\/www.deltaagro.pl\/index.php?rest_route=\/wp\/v2\/pages\/144","targetHints":{"allow":["GET"]}}],"collection":[{"href":"https:\/\/www.deltaagro.pl\/index.php?rest_route=\/wp\/v2\/pages"}],"about":[{"href":"https:\/\/www.deltaagro.pl\/index.php?rest_route=\/wp\/v2\/types\/page"}],"author":[{"embeddable":true,"href":"https:\/\/www.deltaagro.pl\/index.php?rest_route=\/wp\/v2\/users\/2"}],"replies":[{"embeddable":true,"href":"https:\/\/www.deltaagro.pl\/index.php?rest_route=%2Fwp%2Fv2%2Fcomments&post=144"}],"version-history":[{"count":9,"href":"https:\/\/www.deltaagro.pl\/index.php?rest_route=\/wp\/v2\/pages\/144\/revisions"}],"predecessor-version":[{"id":691,"href":"https:\/\/www.deltaagro.pl\/index.php?rest_route=\/wp\/v2\/pages\/144\/revisions\/691"}],"wp:attachment":[{"href":"https:\/\/www.deltaagro.pl\/index.php?rest_route=%2Fwp%2Fv2%2Fmedia&parent=144"}],"curies":[{"name":"wp","href":"https:\/\/api.w.org\/{rel}","templated":true}]}}