{"id":204,"date":"2014-08-22T18:11:07","date_gmt":"2014-08-22T18:11:07","guid":{"rendered":"http:\/\/serwer1431223.home.pl\/deltaagro.pl\/?page_id=204"},"modified":"2025-11-28T12:13:50","modified_gmt":"2025-11-28T12:13:50","slug":"sprzedam","status":"publish","type":"page","link":"https:\/\/www.deltaagro.pl\/?page_id=204","title":{"rendered":"Sprzedam"},"content":{"rendered":"<p><a href=\"https:\/\/www.deltaagro.pl\/wp-content\/uploads\/2014\/08\/WP_20150318_004.jpg\"><img loading=\"lazy\" decoding=\"async\" class=\"alignnone size-medium wp-image-713\" src=\"https:\/\/www.deltaagro.pl\/wp-content\/uploads\/2014\/08\/WP_20150318_004-300x169.jpg\" alt=\"WP_20150318_004\" width=\"300\" height=\"169\" srcset=\"https:\/\/www.deltaagro.pl\/wp-content\/uploads\/2014\/08\/WP_20150318_004-300x169.jpg 300w, https:\/\/www.deltaagro.pl\/wp-content\/uploads\/2014\/08\/WP_20150318_004-1024x576.jpg 1024w, https:\/\/www.deltaagro.pl\/wp-content\/uploads\/2014\/08\/WP_20150318_004-250x141.jpg 250w, https:\/\/www.deltaagro.pl\/wp-content\/uploads\/2014\/08\/WP_20150318_004-150x84.jpg 150w\" sizes=\"auto, (max-width: 300px) 100vw, 300px\" \/><\/a><\/p>\n<p>Posiadamy w ci\u0105g\u0142ej sprzeda\u017cy<strong> byczki<\/strong> (ok. 2-3 tygodniowe) do dalszego odchowu.<\/p>\n<p>Cena: od 800 z\u0142 za sztuk\u0119.<\/p>\n<p>Kontakt telefoniczny: <strong>661 429 899<\/strong> i <strong>601 248 906<\/strong><strong>&nbsp;<\/strong>w godzinach 8.00-16.00 od poniedzia\u0142ku do pi\u0105tku<\/p>\n<p>&nbsp;<\/p>\n","protected":false},"excerpt":{"rendered":"<p>Posiadamy w ci\u0105g\u0142ej sprzeda\u017cy byczki (ok. 2-3 tygodniowe) do dalszego odchowu. Cena: od 800 z\u0142 za sztuk\u0119. Kontakt telefoniczny: 661 429 899 i 601 248 906&nbsp;w godzinach 8.00-16.00 od poniedzia\u0142ku do pi\u0105tku &nbsp; <a class=\"continue-reading-link\" href=\"https:\/\/www.deltaagro.pl\/?page_id=204\">Continue reading<\/a><\/p>\n","protected":false},"author":2,"featured_media":0,"parent":0,"menu_order":0,"comment_status":"closed","ping_status":"open","template":"","meta":{"ngg_post_thumbnail":0,"footnotes":""},"class_list":["post-204","page","type-page","status-publish","hentry"],"_links":{"self":[{"href":"https:\/\/www.deltaagro.pl\/index.php?rest_route=\/wp\/v2\/pages\/204","targetHints":{"allow":["GET"]}}],"collection":[{"href":"https:\/\/www.deltaagro.pl\/index.php?rest_route=\/wp\/v2\/pages"}],"about":[{"href":"https:\/\/www.deltaagro.pl\/index.php?rest_route=\/wp\/v2\/types\/page"}],"author":[{"embeddable":true,"href":"https:\/\/www.deltaagro.pl\/index.php?rest_route=\/wp\/v2\/users\/2"}],"replies":[{"embeddable":true,"href":"https:\/\/www.deltaagro.pl\/index.php?rest_route=%2Fwp%2Fv2%2Fcomments&post=204"}],"version-history":[{"count":11,"href":"https:\/\/www.deltaagro.pl\/index.php?rest_route=\/wp\/v2\/pages\/204\/revisions"}],"predecessor-version":[{"id":1514,"href":"https:\/\/www.deltaagro.pl\/index.php?rest_route=\/wp\/v2\/pages\/204\/revisions\/1514"}],"wp:attachment":[{"href":"https:\/\/www.deltaagro.pl\/index.php?rest_route=%2Fwp%2Fv2%2Fmedia&parent=204"}],"curies":[{"name":"wp","href":"https:\/\/api.w.org\/{rel}","templated":true}]}}